{"id":143,"date":"2018-01-03T09:11:28","date_gmt":"2018-01-03T09:11:28","guid":{"rendered":"http:\/\/amann-ip.net\/?page_id=143"},"modified":"2026-03-19T08:10:32","modified_gmt":"2026-03-19T08:10:32","slug":"cisco-projekte","status":"publish","type":"page","link":"https:\/\/amann-ip.net\/?page_id=143","title":{"rendered":"Projekte"},"content":{"rendered":"<p>[vc_row][vc_column width=&#8220;1\/4&#8243;][vc_column_text]<\/p>\n<h4><span style=\"color: #f79646;\">Projekt: Universit\u00e4t Agrarwissenschaften Stuttgart<br \/>\n<\/span><\/h4>\n<p><strong>Datum:<br \/>\n<\/strong>01\/2025 &#8211; 12\/2026<\/p>\n<p>Beratung, Troubleshooting, Instandsetzen<\/p>\n<p><strong>Branche:<\/strong><br \/>\nUniversit\u00e4t Agrarwissenschaften Stuttgart[\/vc_column_text][\/vc_column][vc_column width=&#8220;3\/4&#8243;][vc_column_text]<strong>Inhalt:<\/strong><\/p>\n<p><strong>Betriebsunterst\u00fctzung<\/strong><\/p>\n<ul>\n<li>Netzwerk-Themen im Besonderen Nexus 7009 und 93810, Netzwerkprotokolle (STP, OSPF, BGP), Cisco Hardware und Software,<\/li>\n<li>Netzwerkdesign sowie Planung und Optimierung der Netzwerkinfrastruktur mit Fokus auf die IPv6-Anbindung im Providerumfeld.<br \/>\nSchrittweise Integration der Client-Netzwerke in die bestehende IPv6-Infrastruktur.<\/li>\n<li>Sichten von Netzwerkkonfigurationen, Log-Dateien, Netzwerkdokumentation,<br \/>\nDaten aus Performance und Availiability Monitoring, Systemmeldungen sowie Optimierung dieser Diagnose und L\u00f6sung von Netzwerkprobleme<\/li>\n<li>Integration neuer Netzwerkhardware in das bestehende Netzwerk<\/li>\n<\/ul>\n<p>[\/vc_column_text][\/vc_column][\/vc_row][vc_row][vc_column][vc_separator style=&#8220;double&#8220;][\/vc_column][\/vc_row][vc_row][vc_column width=&#8220;1\/4&#8243;][vc_column_text]<\/p>\n<h4><span style=\"color: #f79646;\">Projekt: Carve-Out Projekt<br \/>\n<\/span><\/h4>\n<p><strong>Datum:<br \/>\n<\/strong>05\/2025 &#8211; 07\/2025 Carve-Out Projekt<\/p>\n<p><strong>Branche:<\/strong><br \/>\nWeltweites Schienenverkehrsunternehmen Raum Stuttgart[\/vc_column_text][\/vc_column][vc_column width=&#8220;3\/4&#8243;][vc_column_text]<strong>Inhalt:<\/strong><\/p>\n<p><strong>Betriebsunterst\u00fctzung<\/strong><\/p>\n<ul>\n<li>Optimierung der Netzwerklandschaft in einer Enterprise Umgebung mit Produkten von Cisco, Fortinet und Barracuda (Switche, Router und Firewalls)<\/li>\n<li>Umsetzung von Netzwerkprojekten<\/li>\n<li>Eigenverantwortliche Umsetzung von netzwerkspezifischen Teil-Projekten<\/li>\n<\/ul>\n<p>[\/vc_column_text][\/vc_column][\/vc_row][vc_row][vc_column][vc_separator style=&#8220;double&#8220;][\/vc_column][\/vc_row][vc_row][vc_column width=&#8220;1\/4&#8243;][vc_column_text]<\/p>\n<h4><span style=\"color: #f79646;\">Projekt: Netzwerk- \/ Security Support<br \/>\n<\/span><\/h4>\n<p><strong>Datum:<br \/>\n<\/strong>10\/2020 &#8211; 04\/2025<\/p>\n<p><strong>Branche:<\/strong><br \/>\nEnergieunternehmen in Mitteldeutschland \/\/ Nordrhein-Westfalen[\/vc_column_text][\/vc_column][vc_column width=&#8220;3\/4&#8243;][vc_column_text]<strong>Inhalt:<\/strong><\/p>\n<p><strong>Betriebsunterst\u00fctzung<\/strong><\/p>\n<ul>\n<li>Routing<\/li>\n<li>Switching<\/li>\n<li>Routing<\/li>\n<li>Switching<\/li>\n<li>Wifi (Controller, 5500, 8500, 9800, 3500)<\/li>\n<li>Firewall (Fortinet, Cisco ASA, PaloAlto(Panorama)<\/li>\n<li>Zscaler<\/li>\n<li>dot1x \/\/ Betrieb hinsichtlich NAC (ISE 2.4)<\/li>\n<li>Troubleshooting und Analyse (Telefonie, VPN, DHCP, DNS, Firewallregelwerk)<br \/>\nverwendete Tools\/Managementsysteme (IPAM, Spectrum, Splunk, SNOW)<\/li>\n<li>Proxy McAfee (whitelisting, direct Internet Access)<\/li>\n<\/ul>\n<p><strong>Projektarbeit und Planung im Bereich Netzwerk<\/strong><\/p>\n<ul>\n<li>ISE Software Upgrade SW Version 3.1<\/li>\n<li>Cluster Neukonzeption<\/li>\n<li>Software Upgrade Wifi Controller.<\/li>\n<\/ul>\n<p><strong>Koordination von und Zusammenarbeit mit diversen Dienstleistern<\/strong><\/p>\n<ul>\n<li>Verizon<\/li>\n<li>Vodafone<\/li>\n<li>Cisco (TAC Cases)<\/li>\n<li>Logicalis<\/li>\n<\/ul>\n<p>[\/vc_column_text][\/vc_column][\/vc_row][vc_row][vc_column][vc_separator style=&#8220;double&#8220;][\/vc_column][\/vc_row][vc_row][vc_column width=&#8220;1\/4&#8243;][vc_column_text]<\/p>\n<h4><span style=\"color: #f79646;\">Projekt: Nexus 7000 \/ Migration Linecards<br \/>\n<\/span><\/h4>\n<p><strong>Datum:<br \/>\n<\/strong>01\/2021 &#8211; 12\/2021<\/p>\n<p><strong>Branche:<\/strong><br \/>\nAutomobil Unternehmen \/\/ Neckarsulm[\/vc_column_text][\/vc_column][vc_column width=&#8220;3\/4&#8243;][vc_column_text]<strong>Inhalt:<\/strong><\/p>\n<ul>\n<li>Software Upgrade von 6.2(14) auf 8.2.1<br \/>\nAustausch von Linecards \/\/ <span style=\"color: #f79646;\">Zeitraum: f\u00fcr ca. 8 Wochenenden im Jahr 2021<\/span><\/li>\n<li>Anpassung der Konfiguration im Nexus 7000er Context Konstrukt.<\/li>\n<\/ul>\n<p><strong>Schritte:<\/strong><\/p>\n<ol>\n<li>Firmware auf den Switch kopieren<br \/>\nKopieren vom USB Stick (Kickstart, Systemstart, EPLD Datei)<br \/>\noder kopieren \u00fcber TFTP<\/li>\n<li>Arp Table abziehen und sichern<\/li>\n<li>Sicherung der Konfigurationen<\/li>\n<li>Checkpoint command absetzen<\/li>\n<li>Management informieren \u00fcber den Beginn der T\u00e4tigkeiten<br \/>\n&#8211; Spectrum -&gt; Device auf Maintanence setzen<\/li>\n<li>Infomationsmail verschicken.<\/li>\n<li>Boot Parameter setzen und pr\u00fcfen.<\/li>\n<li>Booten &#8211; EPLD Installation ansto\u00dfen<\/li>\n<li>Deallocate der Linecards ansto\u00dfen<\/li>\n<li>Module konfigurieren &#8211; entsprechende commands absetzten.<\/li>\n<li>Allocate der neuen Linecards.<\/li>\n<li>Portconfig pr\u00fcfen und eventuell mit alter Config \u00fcberschreiben &#8211; da Verlust durch neue Linecards<\/li>\n<li>SUP&#8217;s u. Powersupply pr\u00fcfen &#8211; Pr\u00fcfen der Config und Funktionalit\u00e4t &#8211; Pr\u00fcfung, ob angeschlosse<br \/>\nClients wieder erreichbar sind. <em>siehe ARP Table<\/em><\/li>\n<\/ol>\n<p>[\/vc_column_text][\/vc_column][\/vc_row][vc_row][vc_column][vc_separator style=&#8220;double&#8220;][\/vc_column][\/vc_row][vc_row][vc_column width=&#8220;1\/4&#8243;][vc_column_text]<\/p>\n<h4><span style=\"color: #f79646;\">Projekt: Unterst\u00fctzung im SD-WAN Projekt<br \/>\n<\/span><\/h4>\n<p><strong>Datum:<br \/>\n<\/strong>12\/2019 &#8211; 09\/2020<\/p>\n<p><strong>Branche:<\/strong><br \/>\nIndustrieservice-Spezialisierung[\/vc_column_text][\/vc_column][vc_column width=&#8220;3\/4&#8243;][vc_column_text]<strong>Inhalt:<\/strong><\/p>\n<p><strong>1. <\/strong><strong>Ticketbearbeitung im Bereich Netzwerk<\/strong><\/p>\n<ul>\n<li>Proxy<\/li>\n<li>Firewall<\/li>\n<li>Routing<\/li>\n<li>Switching<\/li>\n<li>WiFi<\/li>\n<li>VPN<\/li>\n<li>Internetleitungen\/Provider<\/li>\n<li>Standortmigrationen<\/li>\n<li>Clients<\/li>\n<li>Server<\/li>\n<li style=\"list-style-type: none;\"><\/li>\n<\/ul>\n<p><strong>2. Analyse und Troubleshooting im Bereich Netzwerk<\/strong><\/p>\n<ul>\n<li>in obigen Aufgabenbereichen.<\/li>\n<\/ul>\n<p><strong>3. Projektarbeit und Planung im Bereich Netzwerk<\/strong><\/p>\n<ul>\n<li>in obigen Aufgabenbereichen.<\/li>\n<\/ul>\n<p><strong>4. Koordination von und Zusammenarbeit mit diversen Dienstleistern<\/strong><\/p>\n<ul>\n<li>in obigen Aufgabenbereichen.<\/li>\n<\/ul>\n<p><strong>5. Anfertigen von Dokumentationen<\/strong>[\/vc_column_text][\/vc_column][\/vc_row][vc_row][vc_column][vc_separator style=&#8220;double&#8220;][\/vc_column][\/vc_row][vc_row][vc_column width=&#8220;1\/4&#8243;][vc_column_text]<\/p>\n<h4><span style=\"color: #f79646;\">Projekt: Unterst\u00fctzung im Projektmanagement<br \/>\n<\/span><\/h4>\n<p><strong>Datum:<br \/>\n<\/strong>04\/2018 &#8211; 12\/2019<\/p>\n<p><strong>Branche:<\/strong><br \/>\nAutomobilebranche \/\/ Zulieferer[\/vc_column_text][\/vc_column][vc_column width=&#8220;3\/4&#8243;][vc_column_text]<strong>Inhalt:<\/strong><\/p>\n<ul>\n<li>Bearbeitung von Changes und Incidents<\/li>\n<li>Unterst\u00fctzung hinsichtlich des Backendhardwareaustauschs<\/li>\n<li>Unterst\u00fctzung bei der Vorbereitung der Migration (Transferieren von alten Netzwerken\u00a0 in neue Strukturen)<\/li>\n<li>Anpassung bestehender Konzepte<\/li>\n<li>Technische Umsetzung von Konzepten<\/li>\n<li>Analyse der Netzwerk-Archtitektur<\/li>\n<li>Unterst\u00fctzung hinsichtlich des Designs<\/li>\n<li>Unterst\u00fctzung bei der Konfiguration bestehender Riverbed-Produkte<\/li>\n<li>Unterst\u00fctzung beim 2nd-Level-Support<\/li>\n<li>Implementierung weltweit Prime Infrastructure 3.4, Identity Service Engine 2.3,<\/li>\n<li>Mobility Service Engine 10.1.4<\/li>\n<\/ul>\n<p><strong>Support Project management:<\/strong><\/p>\n<ul>\n<li>Editing of changes and incidents<\/li>\n<li>Support regarding backendhardware-exchange<\/li>\n<li>Support the migration preparation<\/li>\n<li>Adaption of existing concepts<\/li>\n<li>Technical implementation of concepts<\/li>\n<li>Analysis of the network-architecture<\/li>\n<li>Support regarding the design<\/li>\n<li>Support with the configuration of existing Riverbed-Products<\/li>\n<li>Support in 2nd-level support.<\/li>\n<li>Implementation worldwide Prime Infrastructure 3.4, Identity Service Engine 2.3,<\/li>\n<li>Mobility Service Engine 10.1.4<\/li>\n<\/ul>\n<p>[\/vc_column_text][\/vc_column][\/vc_row][vc_row][vc_column][vc_separator style=&#8220;double&#8220;][\/vc_column][\/vc_row][vc_row][vc_column width=&#8220;1\/4&#8243;][vc_column_text]<\/p>\n<h4><span style=\"color: #f79646;\">Projekt: Wlan\/LAN (Layer2)<br \/>\n<\/span><\/h4>\n<p><strong>Datum:<br \/>\n<\/strong>08\/2017 &#8211; 12\/2017<\/p>\n<p><strong>Branche:<\/strong><br \/>\n\u00d6ffentlicher Dienst[\/vc_column_text][\/vc_column][vc_column width=&#8220;3\/4&#8243;][vc_column_text]<strong>Inhalt:<\/strong><\/p>\n<ul>\n<li>Dienstleisterin f\u00fcr moderne Informationstechnologie f\u00fcr das Land Baden-W\u00fcrttemberg.<br \/>\nIST\/Soll Infrastruktur Bestandsaufnahme f\u00fcr die Anbindung der Ministerien in BW.<\/li>\n<li>Umsetzung von dot1x im wired und wireless Bereich f\u00fcr Neukunden (Ministerien)<\/li>\n<li>Betriebliche Unterst\u00fctzung im 2nd und 3rd Level Bereich.<\/li>\n<li>Unterst\u00fctzung in QoS f\u00fcr die Telefonie VoIP Umgebung.<\/li>\n<li>Wlan Erweiterung f\u00fcr GAST und Intranet Anbindungen. (PKI, AD, Cisco ISE)<\/li>\n<\/ul>\n<p>[\/vc_column_text][\/vc_column][\/vc_row][vc_row][vc_column][vc_separator style=&#8220;double&#8220;][\/vc_column][\/vc_row][vc_row][vc_column width=&#8220;1\/4&#8243;][vc_column_text]<\/p>\n<h4><span style=\"color: #f79646;\">Projekt: Hardware Renewal<br \/>\n<\/span><\/h4>\n<p><strong>Datum:<br \/>\n<\/strong>08\/2012 &#8211; 07\/2017<\/p>\n<p><strong>Branche:<\/strong><br \/>\n\u00d6ffentlicher Dienst[\/vc_column_text][\/vc_column][vc_column width=&#8220;3\/4&#8243;][vc_column_text]<strong>Inhalt:<\/strong><\/p>\n<ul>\n<li>Rolloutbetreuung EoS\/EoL an den Niederlassungen der AOK<br \/>\n(BW,Saarland, Rheinland-Phalz, Hessen)<\/li>\n<li>Rechenzentrumsbetrieb \u2013 Nexus Family Implementierung \u2013 Abl\u00f6sung der 65er Serie<br \/>\nKonfiguration, Planung von Standortkonfigurationen \u2013 Vlan Konzeption<\/li>\n<li>Wlan Implementierung, Site-Survey mit Ekahau, Planung, Inbetriebnahme der Services<br \/>\nOperativer Betrieb LAN\/WAN\/WLAN<\/li>\n<li>Administration der SDSL-Infrastruktur<\/li>\n<li>Troubleshooting\/Analyse von Netzwerkproblemen<\/li>\n<li>Installation und Pflege von Netzwerkomponenten<\/li>\n<li>Netzwerkmonitoring (Netscout, Eramon, PI 2.2)<\/li>\n<li>Mitarbeit in komplexen IT-Projekten<br \/>\n&#8211; z.B.: doublesided vPC mit N5k und CAT 6500.<br \/>\n&#8211; Hardening der Infrastruktur der Kunden im L2 Bereich.<br \/>\n&#8211; SmartPorts Konfiguration f\u00fcr (Miniswitche\/Kunden) &#8211; Cisco 2960, 300er und 200er Serie.<br \/>\n&#8211; Wlan AAA in Verwendung der ISE 1.3 mit Anbindung PKI und AD.<\/li>\n<li>Umstrukturierung, Projektbetreuung f\u00fcr T-Systems mit \u00dcbernahme der<br \/>\nNetzwerkinfrastruktur der ITSCare.<\/li>\n<li>Betreuung von Umz\u00fcgen und Neuinbetriebnahme von Standorten.<\/li>\n<li>Projektbegleitung Voip over IP, Avaya Implementierung mit anschlie\u00dfender QoS Pr\u00fcfung.<\/li>\n<\/ul>\n<p>[\/vc_column_text][\/vc_column][vc_column][vc_separator style=&#8220;double&#8220;][\/vc_column][\/vc_row][vc_row][vc_column width=&#8220;1\/4&#8243;][vc_column_text]<\/p>\n<h4><span style=\"color: #f79646;\">Projekt: Software Evaluierung WiSM<br \/>\n<\/span><\/h4>\n<p><strong>Datum:<br \/>\n<\/strong>04\/2012 \u2013 05\/2012<\/p>\n<p><strong>Branche:<\/strong><br \/>\nAutomobilhersteller[\/vc_column_text][\/vc_column][vc_column width=&#8220;3\/4&#8243;][vc_column_text]<strong>Inhalt:<\/strong><\/p>\n<p style=\"padding-left: 30px;\">WLAN Software Evaluierung mit WiSM2 Modul und 802.1x.<br \/>\nMit anschlie\u00dfendem Rollout.<\/p>\n<ul>\n<li>Vorbereitung des WiSM2 Moduls f\u00fcr CAT65 mit SUP2T-10G.<\/li>\n<li>Erstellen von Testszenarien f\u00fcr o.g. Hardware.<\/li>\n<li>Dazu geh\u00f6rten folgende Tests<br \/>\n&#8211; Configuration and Image-Handling<br \/>\n&#8211; WLC Admin Access ( ssh, telnet, WebAuth, WebUI)<br \/>\n&#8211; WEP (128-Bit) with MAC-Authentication<br \/>\n&#8211; WPA\/TKIP with EAP-TLS<br \/>\n&#8211; WLAN Performance on Radio Interfaces ( 802.11b\/g\/a\/n)<br \/>\n&#8211; Outage of 802.11b\/g RF-Interface<br \/>\n&#8211; Client Roaming<br \/>\n&#8211; Channel Assignment<br \/>\n&#8211; Transmit Power Assignment<br \/>\n&#8211; snmp Polling Vers.3<\/li>\n<\/ul>\n<p style=\"padding-left: 30px;\">Ziel dieses Evaluierung Tests war die Pr\u00fcfung und die fehlerfreie Funktionsweise des<br \/>\nWiSM2 Moduls und das anschlie\u00dfende Rollout im Feld. Verwendet wurde das IOS Image<br \/>\n7.0.116.0. F\u00fcr das n-Band wurde die Software 7.2.110.0 verwendet.<\/p>\n<p>[\/vc_column_text][\/vc_column][vc_column][vc_separator style=&#8220;double&#8220;][\/vc_column][\/vc_row][vc_row][vc_column width=&#8220;1\/4&#8243;][vc_column_text]<\/p>\n<h4><span style=\"color: #f79646;\">Projekt: Nexus 5596UP Distribution\/Core<br \/>\n<\/span><\/h4>\n<p><strong>Datum:<br \/>\n<\/strong>01\/2012 \u2013 03\/2012<\/p>\n<p><strong>Branche:<\/strong><br \/>\nGesundheitswesen, Klinikum[\/vc_column_text][\/vc_column][vc_column width=&#8220;3\/4&#8243;][vc_column_text]<strong>Inhalt:<\/strong><\/p>\n<p style=\"padding-left: 30px;\">Nexus 5596UP Distribution\/Core Bereitstellung mit Layer3 Modul<br \/>\nKonzeption, Vorbereitung der Config von jeweils 2 Nexus 5596UP f\u00fcr den Distribution<br \/>\nund Corebereich. Einsatz von Layer 3 Modul daughter card(N55-D160L3-V2). Im Access<br \/>\nBereich kamen gleichzeitig mehrere vPC\u2019s und ein herk\u00f6mmlicher STP zum Einsatz(Kaskade).<br \/>\nTestumgebung wurde direkt beim Kunden aufgebaut und konfiguiert.<\/p>\n<ul>\n<li>Gestestet wurden folgende Features:<br \/>\n&#8211; STP PVST+<br \/>\n&#8211; STP Rapid PVST+<br \/>\n&#8211; Mirror Port Funktionalit\u00e4t<br \/>\n&#8211; Power Supply Redundanz<br \/>\n&#8211; EIGRP (Link Change Propagation, Route Map, Neighbor Loss etc&#8230;)<br \/>\n&#8211; Default-Gateway Redundanz HSRP<br \/>\n&#8211; CoPP \u2013 Control Plane Policing<br \/>\n&#8211; ISSU Funktionalit\u00e4t<br \/>\n&#8211; Dual-Active Detection<br \/>\n&#8211; Orphan-Ports<br \/>\n&#8211; Quality of Service (Ingress Marking\/Re-Marking)<br \/>\n&#8211; Queuing<br \/>\n&#8211; Port-Channel Belegung<br \/>\n&#8211; vPC Sync Funtionalit\u00e4t<\/li>\n<\/ul>\n<p style=\"padding-left: 30px;\">Ziel es Projektes war es bei worst-case Szenarien im Sub-Second Bereich zu bleiben<br \/>\nund eine Migration von alten Komponenten die teilweise kaskadiert waren in die neue<br \/>\nNetzwerk-Topologie zu integrieren. Hauptpunkt war das Verhalten des Layer3 Moduls f\u00fcr<br \/>\nData-Center Switche.<\/p>\n<p>[\/vc_column_text][\/vc_column][vc_column][vc_separator style=&#8220;double&#8220;][\/vc_column][\/vc_row][vc_row][vc_column width=&#8220;1\/4&#8243;][vc_column_text]<\/p>\n<h4><span style=\"color: #f79646;\">Projekt: LAN-Refresh \/ 2nd u. 3rd Level Betrieb<br \/>\n<\/span><\/h4>\n<p><strong>Datum:<br \/>\n<\/strong>05\/2011 \u2013 12\/2011<\/p>\n<p><strong>Branche:<\/strong><br \/>\nAutomobilbranche[\/vc_column_text][\/vc_column][vc_column width=&#8220;3\/4&#8243;][vc_column_text]<strong>Inhalt:<\/strong><\/p>\n<p style=\"padding-left: 30px;\">LAN-Refresh \/ 2nd u. 3rd Level Betrieb<br \/>\nAufnahme, Vorbereitung und Konsolidierung der Netzwerk-Infrastruktur der Service<br \/>\nNiederlassungen.<br \/>\nAufbereitung der Switchkonfigurationen auf der Ebene Distribution und Access Bereich.<\/p>\n<p style=\"padding-left: 30px;\">Mit Schwerpunkt: Anpassung der FAT AP\u2019s<br \/>\nan die neue Infrastruktur hinsichtlich VoIP Telefonie.<br \/>\nDokumentation, Aufnahme der Ger\u00e4te im Asset Management.<br \/>\nEinbindung der Devices im Monitoring.<br \/>\nAusf\u00fchrung von RFSen mit Planung,Umsetzung und anschliessendem<br \/>\nEinbau vor Ort. Erweiterung von bestehenden Netz-Infrastrukturen.<br \/>\nMithilfe bei Troubletickets,St\u00f6rungen im Wan\/LAN WLan Bereich.<\/p>\n<p>[\/vc_column_text][\/vc_column][vc_column][vc_separator style=&#8220;double&#8220;][\/vc_column][\/vc_row][vc_row][vc_column width=&#8220;1\/4&#8243;][vc_column_text]<\/p>\n<h4><span style=\"color: #f79646;\">Projekt: Wireless LAN \/ Security Feature WLC (CPU ACL\u2019s)<br \/>\n<\/span><\/h4>\n<p><strong>Datum:<br \/>\n<\/strong>11\/2010 \u2013 12\/2010<\/p>\n<p><strong>Branche:<\/strong><br \/>\nGesundheitswesen, Klinik[\/vc_column_text][\/vc_column][vc_column width=&#8220;3\/4&#8243;][vc_column_text]<strong>Inhalt:<\/strong><\/p>\n<p style=\"padding-left: 30px;\">Besprechung und Aufnahme der bestehenden WLC Infrastruktur<br \/>\ndirekt vor Ort. Anforderungen des Kunden hinsichtlich<br \/>\nSicherheit im WLC Bereich auf ssh,ssl,telnet Zugriff (deny)<br \/>\naufgenommen. Erste Entw\u00fcrfe und Umsetzung im Firmen eigenen<br \/>\nLabor. Diverse Tests mit Portscanner u. Sniffer Programmen durchgef\u00fchrt.<\/p>\n<p style=\"padding-left: 30px;\">Umsetzung auf die Belange des Klinikums f\u00fcr die entsprechenden<br \/>\nNetzsegmente und Adressbereiche.<br \/>\nNachbesprechung mit dem Kunden.<\/p>\n<p>[\/vc_column_text][\/vc_column][vc_column][vc_separator style=&#8220;double&#8220;][\/vc_column][\/vc_row][vc_row][vc_column width=&#8220;1\/4&#8243;][vc_column_text]<\/p>\n<h4><span style=\"color: #f79646;\">Projekt: Wireless LAN<br \/>\n<\/span><\/h4>\n<p><strong>Datum:<br \/>\n<\/strong>09\/2010 \u2013 10\/2010<\/p>\n<p><strong>Branche:<\/strong><br \/>\nGastronomie, Hotel[\/vc_column_text][\/vc_column][vc_column width=&#8220;3\/4&#8243;][vc_column_text]<strong>Inhalt:<\/strong><\/p>\n<p style=\"padding-left: 30px;\">Bestandsaufnahme,Site Survey vor Ort, Planung der geforderten<br \/>\nInhalte des Kunden. Pr\u00fcfung und Verifizierung der Planung mit<br \/>\n802.11g im Backhaul Bereich und 802.11b im Client Bereich.<br \/>\nUmsetzung und Aufbau vor Ort.<br \/>\nAnpassung der config auf der bestehenden Infrastruktur.<br \/>\nPr\u00fcfung und Abnahme der Funktionalit\u00e4t beim Kunden.<\/p>\n<p>[\/vc_column_text][\/vc_column][vc_column][vc_separator style=&#8220;double&#8220;][\/vc_column][\/vc_row][vc_row][vc_column width=&#8220;1\/4&#8243;][vc_column_text]<\/p>\n<h4><span style=\"color: #f79646;\">Projekt: Evaluierung von Software-Versionen \/ Cisco<br \/>\n<\/span><\/h4>\n<p><strong>Datum:<br \/>\n<\/strong>07\/2010 \u2013 08\/2010<\/p>\n<p><strong>Branche:<\/strong><br \/>\nAutomobilhersteller, internationaler Gro\u00dfkonzern[\/vc_column_text][\/vc_column][vc_column width=&#8220;3\/4&#8243;][vc_column_text]<strong>Inhalt:<\/strong><\/p>\n<p style=\"padding-left: 30px;\">Evaluierung von Software-Versionen f\u00fcr Cisco Netzwerkkomponenten<br \/>\nzur Vorbereitung von Updates.<br \/>\nBetrachtung neuer Funktionen bzw. Konfigurations-Optionen vor dem<br \/>\nproduktiven Einsatz. Betrachtung von Kompatipilit\u00e4t in Hinsicht<br \/>\nSTP im Einsatz auf Multiventor Devices.<\/p>\n<p style=\"padding-left: 30px;\">Entwicklung, Durchf\u00fchrung und Dokumentation von Systemtests zur<br \/>\n\u00dcberpr\u00fcfung der wichtigsten Systemfunktionen im Laborumfeld in<br \/>\nHinsicht auf STP in gemischten Umgebungen.<br \/>\n(IEEE 802.1d,802.1w,802.1s mit Cisco u. HP Devices)<br \/>\nInteroperabilit\u00e4tspr\u00fcfung: IP Routing Protokoll, Link Aggregation<br \/>\nVLAN Tagging, Neigbhor\/Topology Discovery<br \/>\nIntegration in den Betrieb: AAA, Network Managment,<br \/>\nSicherheitsmechanismen auf Enger\u00e4teports (BPDU-Guard, DHCP<br \/>\nSnooping&#8230;)<br \/>\nPr\u00fcfung im Layer-2 Umfeld &#8211; STP Integration, Erstellung einer STP<br \/>\nMatrix.<\/p>\n<p style=\"padding-left: 30px;\">Besprechung und Bewertung der Testergebnisse mit dem Kunden<br \/>\n(Cat6K Sup720,Cat4K Sup6E)<br \/>\nBetrachtung der Differenzen zwischen bisherigem und zuk\u00fcnftigen<br \/>\nMischumgebungen. Erarbeiten von Migrationsschritten.<br \/>\nNeu einzuf\u00fchrende Funktionen auf deren Wirkungsweise und<br \/>\nPraxistauglichkeit im spezifischen Kundenumfeld. Betrachtung der<br \/>\nVertr\u00e4glichkeit mit anderen vorhandenen Funktionen. Bei Bedarf<br \/>\nErstellung von Anweisungen zur Implementierung<\/p>\n<p>[\/vc_column_text][\/vc_column][vc_column][vc_separator style=&#8220;double&#8220;][\/vc_column][\/vc_row][vc_row][vc_column width=&#8220;1\/4&#8243;][vc_column_text]<\/p>\n<h4><span style=\"color: #f79646;\">Projekt: Umstrukturierung Datacenter \/ Nexus<br \/>\n<\/span><\/h4>\n<p><strong>Datum:<br \/>\n<\/strong>04\/2010 \u2013 06\/2010<\/p>\n<p><strong>Branche:<\/strong><br \/>\nKlinikum[\/vc_column_text][\/vc_column][vc_column width=&#8220;3\/4&#8243;][vc_column_text]<strong>Inhalt:<\/strong><\/p>\n<p style=\"padding-left: 30px;\">Planung, Aufbau, Umstrukturierung eines Datacenters incl.<br \/>\nBackup Datacenter f\u00fcr den Kliniken-Verbund<\/p>\n<p style=\"padding-left: 30px;\">IST Zustand der Netzwerkstrukturen erfassen und dokumentieren.<br \/>\nPlanung und Umsetzung mit Multichassis Etherchannel.(virtual-Portchannel).<br \/>\nSoftware Release Anpassung im Corebereich.<br \/>\nMigration von Cisco Nexus 20xx,50xx,70xx im Access,Distribution und Corebereich.<br \/>\nBetrachtung \u2018static pinning\u2018 vs. Portchannel im Fex Bereich. Pr\u00fcfung der bestehenden<br \/>\nVerkabelung. Einsatz von XENPAK-10GB-SR.<br \/>\nNeuaufbau bzw. Restrukturierung der vorhandenen STP Umgebung von<br \/>\nIEEE 802.1d auf IEEE 802.1w. Anpassung des Adminnetzes an die<br \/>\ngegebenen Strukturen.<\/p>\n<p>[\/vc_column_text][\/vc_column][vc_column][vc_separator style=&#8220;double&#8220;][\/vc_column][\/vc_row][vc_row][vc_column width=&#8220;1\/4&#8243;][vc_column_text]<\/p>\n<h4><span style=\"color: #f79646;\">Festanstellung: Netzwerk Spezialist<br \/>\n<\/span><\/h4>\n<p><strong>Datum:<br \/>\n<\/strong>01\/2004 \u2013 06\/2009<\/p>\n<p><strong>Branche:<\/strong><br \/>\nAutomobilhersteller[\/vc_column_text][\/vc_column][vc_column width=&#8220;3\/4&#8243;][vc_column_text]<strong>Inhalt:<\/strong><\/p>\n<ul>\n<li>Monitoring des globalen Kunden-Netzwerkes<br \/>\n(LAN\/WAN\/WLAN), weltweiter Kunden- und Provider-Kontakt<\/li>\n<li>Netzwerk-St\u00f6rungsannahme- auch proaktiv \u00fcber OVO- und<br \/>\nderen Bearbeitung (Erstqualifizierung und Behebung) und<br \/>\nggf. Weiterleitung\/Kl\u00e4rung und Koordination<\/li>\n<li>(Einholung von RFOs, Updates etc.) mit externen Partnern<br \/>\n(Orange- Business, Verizon, T-Systems, SingTel u.s.w.) unter<br \/>\nEinhaltung der Incident- und Eskalationsprozesse<\/li>\n<li>Bearbeitung von Server- Status-Meldungen (Nagios)<\/li>\n<li>DNS Verwaltung und Troubleshooting<\/li>\n<li>Portadministration LAN\/VLAN und DNS\/DHCP- Management im LAN<\/li>\n<li>Bearbeitung und \u00dcberwachung von Launch- und Delaunch-Auftr\u00e4gen<\/li>\n<li>IP- und Portfreigaben f\u00fcr Server (Unix, Windows, VMWare Server)<\/li>\n<li>User-, Admin-, Ilo-, Ripboardanschl\u00fcssen<\/li>\n<li>Vergabe von Hearbeatanschl\u00fcssen<\/li>\n<li>Managen von Core-, Distribution- und Accessswitchen(CISCO),<br \/>\ninsbesondere Verwaltung der Accessswitche<br \/>\nBetreuung und Bearbeitung von Firewall- Freischaltungsauftr\u00e4gen,<br \/>\nweltweite Anbindungen von externen Business-Partnern<\/li>\n<li>Zugang von externen Partnern ins Kunden-Firmennetzwerk<\/li>\n<li>Bearbeitung von WLAN- Zugangsantr\u00e4gen im DNS\/QIP und<br \/>\nRadius Freischaltungen (full access \/ restricted access)<\/li>\n<li>Vorbereitung und Teilnahme an internationalen Review-Meetings via Telefonkonferenz<\/li>\n<\/ul>\n<p>[\/vc_column_text][\/vc_column][\/vc_row]<\/p>\n","protected":false},"excerpt":{"rendered":"<p>[vc_row][vc_column width=&#8220;1\/4&#8243;][vc_column_text] Projekt: Universit\u00e4t Agrarwissenschaften Stuttgart Datum: 01\/2025 &#8211; 12\/2026 Beratung, Troubleshooting, Instandsetzen Branche: Universit\u00e4t Agrarwissenschaften Stuttgart[\/vc_column_text][\/vc_column][vc_column width=&#8220;3\/4&#8243;][vc_column_text]Inhalt: Betriebsunterst\u00fctzung Netzwerk-Themen im Besonderen Nexus 7009 und 93810, Netzwerkprotokolle (STP, OSPF, BGP), Cisco Hardware und Software, Netzwerkdesign sowie Planung und Optimierung der Netzwerkinfrastruktur mit Fokus auf die IPv6-Anbindung im Providerumfeld. Schrittweise Integration der Client-Netzwerke in die bestehende [&hellip;]<\/p>\n","protected":false},"author":1,"featured_media":0,"parent":0,"menu_order":0,"comment_status":"closed","ping_status":"closed","template":"","meta":{"_vp_format_video_url":"","_vp_image_focal_point":[],"footnotes":""},"class_list":["post-143","page","type-page","status-publish","hentry"],"_links":{"self":[{"href":"https:\/\/amann-ip.net\/index.php?rest_route=\/wp\/v2\/pages\/143","targetHints":{"allow":["GET"]}}],"collection":[{"href":"https:\/\/amann-ip.net\/index.php?rest_route=\/wp\/v2\/pages"}],"about":[{"href":"https:\/\/amann-ip.net\/index.php?rest_route=\/wp\/v2\/types\/page"}],"author":[{"embeddable":true,"href":"https:\/\/amann-ip.net\/index.php?rest_route=\/wp\/v2\/users\/1"}],"replies":[{"embeddable":true,"href":"https:\/\/amann-ip.net\/index.php?rest_route=%2Fwp%2Fv2%2Fcomments&post=143"}],"version-history":[{"count":7,"href":"https:\/\/amann-ip.net\/index.php?rest_route=\/wp\/v2\/pages\/143\/revisions"}],"predecessor-version":[{"id":367,"href":"https:\/\/amann-ip.net\/index.php?rest_route=\/wp\/v2\/pages\/143\/revisions\/367"}],"wp:attachment":[{"href":"https:\/\/amann-ip.net\/index.php?rest_route=%2Fwp%2Fv2%2Fmedia&parent=143"}],"curies":[{"name":"wp","href":"https:\/\/api.w.org\/{rel}","templated":true}]}}