{"id":48,"date":"2018-01-02T19:51:58","date_gmt":"2018-01-02T19:51:58","guid":{"rendered":"http:\/\/amann-ip.net\/?page_id=48"},"modified":"2026-03-19T08:08:14","modified_gmt":"2026-03-19T08:08:14","slug":"ccnp-ccsp-ccnp-wireless-cxff","status":"publish","type":"page","link":"https:\/\/amann-ip.net\/","title":{"rendered":"Business"},"content":{"rendered":"<p>[vc_row][vc_column][vc_column_text]<\/p>\n<h4 style=\"text-align: center;\"><span style=\"color: #000000;\">Aktueller Status: <\/span><span style=\"color: #f79646;\">&#8218;Aktuell verf\u00fcgbar &#8211; auf Projektsuche &#8218;<br \/>\n<\/span><\/h4>\n<p>[\/vc_column_text][vc_separator color=&#8220;custom&#8220; border_width=&#8220;2&#8243; accent_color=&#8220;#f6f6f6&#8243;][\/vc_column][\/vc_row][vc_row][vc_column width=&#8220;1\/4&#8243;][vc_single_image image=&#8220;299&#8243; img_size=&#8220;120&#215;120&#8243; add_caption=&#8220;yes&#8220; style=&#8220;vc_box_shadow_border_circle_2&#8243;][vc_single_image image=&#8220;82&#8243; img_size=&#8220;120&#215;120&#8243; add_caption=&#8220;yes&#8220; style=&#8220;vc_box_shadow_border_circle_2&#8243;][vc_single_image image=&#8220;84&#8243; img_size=&#8220;120&#215;120&#8243; add_caption=&#8220;yes&#8220; style=&#8220;vc_box_shadow_border_circle_2&#8243;][vc_single_image image=&#8220;364&#8243; img_size=&#8220;120&#215;120&#8243; add_caption=&#8220;yes&#8220; style=&#8220;vc_box_shadow_border_circle_2&#8243;][vc_column_text]Cisco Certified Network Professional<strong> CCNP (2008)<\/strong><\/p>\n<p>Cisco Certified Network Professional\u00a0 <strong>Wireless (2011)<\/strong><\/p>\n<p>Cisco Certified Security Professional <strong>CCSP (2011)<\/strong><\/p>\n<p>Cisco Express Foundation for <strong>Field Specialist (2011)<br \/>\n<\/strong><\/p>\n<p>Fortinet Certified Associate in Cybersecurity <strong>(2026)<\/strong>[\/vc_column_text][vc_column_text]<\/p>\n<h4><span style=\"color: #000000;\">Skill<\/span><\/h4>\n<p>[\/vc_column_text][vc_progress_bar values=&#8220;%5B%7B%22label%22%3A%22Switching%22%2C%22value%22%3A%2296%22%2C%22color%22%3A%22custom%22%2C%22customcolor%22%3A%22%23ed6c02%22%2C%22customtxtcolor%22%3A%22%23000000%22%7D%2C%7B%22label%22%3A%22Routing%22%2C%22value%22%3A%2281%22%2C%22color%22%3A%22custom%22%2C%22customcolor%22%3A%22%23ed6c02%22%2C%22customtxtcolor%22%3A%22%23000000%22%7D%2C%7B%22label%22%3A%22Wireless%20LAN%22%2C%22value%22%3A%2292%22%2C%22color%22%3A%22custom%22%2C%22customcolor%22%3A%22%23ed6c02%22%2C%22customtxtcolor%22%3A%22%23000000%22%7D%2C%7B%22label%22%3A%22Identity%20Service%20Engine%202.3%2F2.4%2F3.1%22%2C%22value%22%3A%2294%22%2C%22color%22%3A%22custom%22%2C%22customcolor%22%3A%22%23ed6c02%22%2C%22customtxtcolor%22%3A%22%23000000%22%7D%2C%7B%22label%22%3A%22Cisco%20Prime%203.4%22%2C%22value%22%3A%2292%22%2C%22color%22%3A%22custom%22%2C%22customcolor%22%3A%22%23ed6c02%22%2C%22customtxtcolor%22%3A%22%23000000%22%7D%5D&#8220; bgcolor=&#8220;custom&#8220; options=&#8220;striped,animated&#8220; css_animation=&#8220;bounceIn&#8220; custombgcolor=&#8220;#ed6c02&#8243; customtxtcolor=&#8220;#000000&#8243;][\/vc_column][vc_column width=&#8220;3\/4&#8243;][vc_text_separator title=&#8220;Pr\u00e4ferenz&#8220; color=&#8220;custom&#8220; accent_color=&#8220;#ed6c02&#8243;][vc_column_text]Interessante Projekte im Bereich Networking f\u00fcr das Portfolio von Cisco im Raum S\u00fcddeutschland.<br \/>\nJe nach Projektanfrage bzw. Projektangebot k\u00f6nnte ich mir vorstellen, auch in weiter entfernteren<br \/>\nBundesl\u00e4ndern au\u00dferhalb Bayerns und Baden-W\u00fcrttembergs zu arbeiten.[\/vc_column_text][vc_text_separator title=&#8220;Know-how&#8220; color=&#8220;custom&#8220; accent_color=&#8220;#ed6c02&#8243;][vc_column_text]Mehrj\u00e4hrige Berufs- und Projekterfahrung im Bereich Networking.<\/p>\n<ul>\n<li>Betrieb \/ 2nd und 3rd Level<\/li>\n<li>Beratung \/ Consulting, Vorbereitung, Planung, Design, Implementierung, Betrieb, Optimierung<\/li>\n<li>Schwerpunkt \/ Cisco &#8211; Networking<\/li>\n<li>Fachlicher Schwerpunkt: Network Engineer Cisco (CCNP,CCSP,CCNP-Wireless)<\/li>\n<\/ul>\n<p>Fremdsprachen:<\/p>\n<ul>\n<li>Deutsch: Muttersprache<\/li>\n<li>Englisch: schriftlich sehr gut, sprechen gut<\/li>\n<\/ul>\n<p>mehrj\u00e4hrige T\u00e4tigkeit in einer englischsprachigen Organisation[\/vc_column_text][vc_text_separator title=&#8220;Hardware Kenntnisse&#8220; color=&#8220;custom&#8220; accent_color=&#8220;#ed6c02&#8243;][vc_column_text]Cisco Router (25xx, 36xx, 72xx, 75xx)<br \/>\nCisco Catalyst Switches (2950, 2970, 3550, 3560, 3750, 4948, 45xx, 65xx, 68xx, 38xx)<br \/>\nCisco Metro Switches<br \/>\nCisco Nexus (50xx, 70xx, 20xx)<br \/>\nCisco UC 500<br \/>\nCisco Aironet WLAN Access Point,AP, (1240AG,1250,1040,1130,1140,2700,3500)<br \/>\nCisco WLAN Controller WLC (210x,440x,550x,85xx)[\/vc_column_text][vc_text_separator title=&#8220;Standards&#8220; color=&#8220;custom&#8220; accent_color=&#8220;#ed6c02&#8243;][vc_column_text]- Routingprotokoll OSPF, RIP, IGRP\/EIGRP, eBGP, iBGP<br \/>\n&#8211; IEEE802.1x (Authentication, Authorization, Accounting | AAA)<br \/>\n&#8211; IEEE802.1d (Spanning Tree Protocol, PVST)<br \/>\n&#8211; IEEE802.1w (Rapid Spanning Tree, R-PVST)<br \/>\n&#8211; IEEE802.1s (Multiple Spanning Tree, MST)<br \/>\n&#8211; IEEE802.1q (Trunk)<br \/>\n&#8211; IEEE802.1af (PoE, Power-over-Ethernet)<br \/>\n&#8211; IEEE802.11a<br \/>\n&#8211; IEEE802.11b<br \/>\n&#8211; IEEE802.11g<br \/>\n&#8211; IEEE802.11n (Wireless Draft-N)<br \/>\n&#8211; IEEE802.3ae (10Gbit)<br \/>\n&#8211; IEEE802.3af (Power over Ethernet)<br \/>\n&#8211; IEEE802.11ad (Link Aggregation)<br \/>\n&#8211; IPSEC VPN<br \/>\n&#8211; Domain Name Service (DNS)<br \/>\n&#8211; Dynamic Host Control Protocol (DHCP)<br \/>\n&#8211; Hot-Standby Routingprotokoll (HSRP)<br \/>\n&#8211; ISL,dot1q<br \/>\n&#8211; Cisco VSS (Virtual Switching System)<br \/>\n&#8211; Cisco (Catalyst)-QoS<br \/>\n&#8211; Cisco QoS<br \/>\n&#8211; Cisco VRF\/VRF-lite[\/vc_column_text][\/vc_column][\/vc_row]<\/p>\n","protected":false},"excerpt":{"rendered":"<p>[vc_row][vc_column][vc_column_text] Aktueller Status: &#8218;Aktuell verf\u00fcgbar &#8211; auf Projektsuche &#8218; [\/vc_column_text][vc_separator color=&#8220;custom&#8220; border_width=&#8220;2&#8243; accent_color=&#8220;#f6f6f6&#8243;][\/vc_column][\/vc_row][vc_row][vc_column width=&#8220;1\/4&#8243;][vc_single_image image=&#8220;299&#8243; img_size=&#8220;120&#215;120&#8243; add_caption=&#8220;yes&#8220; style=&#8220;vc_box_shadow_border_circle_2&#8243;][vc_single_image image=&#8220;82&#8243; img_size=&#8220;120&#215;120&#8243; add_caption=&#8220;yes&#8220; style=&#8220;vc_box_shadow_border_circle_2&#8243;][vc_single_image image=&#8220;84&#8243; img_size=&#8220;120&#215;120&#8243; add_caption=&#8220;yes&#8220; style=&#8220;vc_box_shadow_border_circle_2&#8243;][vc_single_image image=&#8220;364&#8243; img_size=&#8220;120&#215;120&#8243; add_caption=&#8220;yes&#8220; style=&#8220;vc_box_shadow_border_circle_2&#8243;][vc_column_text]Cisco Certified Network Professional CCNP (2008) Cisco Certified Network Professional\u00a0 Wireless (2011) Cisco Certified Security Professional CCSP (2011) Cisco Express Foundation for Field Specialist (2011) Fortinet [&hellip;]<\/p>\n","protected":false},"author":1,"featured_media":0,"parent":0,"menu_order":0,"comment_status":"closed","ping_status":"closed","template":"","meta":{"_vp_format_video_url":"","_vp_image_focal_point":[],"footnotes":""},"class_list":["post-48","page","type-page","status-publish","hentry"],"_links":{"self":[{"href":"https:\/\/amann-ip.net\/index.php?rest_route=\/wp\/v2\/pages\/48","targetHints":{"allow":["GET"]}}],"collection":[{"href":"https:\/\/amann-ip.net\/index.php?rest_route=\/wp\/v2\/pages"}],"about":[{"href":"https:\/\/amann-ip.net\/index.php?rest_route=\/wp\/v2\/types\/page"}],"author":[{"embeddable":true,"href":"https:\/\/amann-ip.net\/index.php?rest_route=\/wp\/v2\/users\/1"}],"replies":[{"embeddable":true,"href":"https:\/\/amann-ip.net\/index.php?rest_route=%2Fwp%2Fv2%2Fcomments&post=48"}],"version-history":[{"count":3,"href":"https:\/\/amann-ip.net\/index.php?rest_route=\/wp\/v2\/pages\/48\/revisions"}],"predecessor-version":[{"id":366,"href":"https:\/\/amann-ip.net\/index.php?rest_route=\/wp\/v2\/pages\/48\/revisions\/366"}],"wp:attachment":[{"href":"https:\/\/amann-ip.net\/index.php?rest_route=%2Fwp%2Fv2%2Fmedia&parent=48"}],"curies":[{"name":"wp","href":"https:\/\/api.w.org\/{rel}","templated":true}]}}